{"id":55,"date":"2019-03-09T01:24:09","date_gmt":"2019-03-09T01:24:09","guid":{"rendered":"https:\/\/vidasenprosa.com\/?page_id=55"},"modified":"2023-06-02T10:21:25","modified_gmt":"2023-06-02T15:21:25","slug":"blog-de-historias","status":"publish","type":"page","link":"https:\/\/vidasenprosa.com\/it\/","title":{"rendered":"Home"},"content":{"rendered":"<p class=\"has-very-dark-gray-color has-text-color has-medium-font-size\">Ciao e benvenut\u0259.<\/p>\n\n\n\n<p class=\"has-very-dark-gray-color has-text-color has-medium-font-size translation-block\">Come forse avrai gi\u00e0 capito, \u201cVidas en prosa\u201d \u00e8 un <strong>blog di racconti.<\/strong>\nIn questo spazio troverai <strong>storie di fantasia<\/strong> ispirate a persone vere, ma anche <strong>storie vere<\/strong> sfumate con pennellate di fantasia. Sarai tu a decidere dove tracciare il confine, per distinguere il falso dal vero. O magari sceglierai di non segnare alcuna divisione, di non porti inutili interrogativi e di concentrarti solo sul piacere di leggere e raccogliere tutto ci\u00f2 che queste storie hanno da offrire. Questa \u00e8 l\u2019opzione che sinceramente pi\u00f9 ti consiglio.<\/p>\n\n\n\n<p class=\"has-very-dark-gray-color has-text-color has-medium-font-size translation-block\">Probabilmente ora ti starai chiedendo: \u201cOk, va bene. Ma di cosa parlano le storie?\u201d. La risposta \u00e8 pi\u00f9 semplice di quanto si possa sospettare. Parlano di persone. <strong>Persone normali.<\/strong> Persone con difetti e lividi sparsi, a causa dei colpi che la vita ha inflitto loro. Non sono modelli n\u00e9 intellettuali, non hanno vinto premi e difficilmente appaiono sui media. Il tempo che abitano \u00e8 deliberatamente indefinito, cos\u00ec come il luogo. Ci\u00f2 che importa non \u00e8 sapere dove si trovano, ma che <strong>potremmo trovarle in qualsiasi posto.<\/strong> Sono persone che hanno affrontato il mondo in tutta la sua freddezza e brutalit\u00e0, e nonostante abbiano visto le loro ambizioni spegnersi una dopo l\u2019altra, sono loro stesse la luce. Restano umane e ci ricordano anche cos\u2019\u00e8 l\u2019\u201cumanit\u00e0\u201d, con tutti i suoi lati positivi e negativi.<\/p>\n\n\n\n<p class=\"has-very-dark-gray-color has-text-color has-medium-font-size translation-block\">In questo senso, il mio blog si caratterizza come \u201canti-instagram\u201d, dunque se stai cercando di immedesimarti in individui con delle vite spettacolari e sognare a occhi aperti di diventare come loro, ti avverto che questo non \u00e8 lo spazio che fa per te. Tuttavia, <strong>ti prometto che qui troverai la bellezza<\/strong>, anche se non nella sua forma pi\u00f9 classica e conosciuta.<\/p>\n\n\n\n<p class=\"has-very-dark-gray-color has-text-color has-medium-font-size translation-block\">Quando passiamo accanto alle persone che ispirano le mie storie, tendiamo a camminare dritti senza voltarci. O peggio ancora: le ignoriamo quando \u00e8 chiaro che hanno bisogno del nostro aiuto, preferendo guardare altrove. \u00c8 proprio questo lo scopo per cui nasce questo blog. <strong> Mostrarti cosa vedresti, se scegliessi di non distogliere lo sguardo.<\/strong>  Se decidessi di arrivare con due minuti di ritardo a quell\u2019appuntamento pur di rivolgere una semplice parola a chi ti \u00e8 seduto vicino. Una parola che dice tra le righe: \u201cTi vedo, esisti!\u201d.\nNon immagini quanto sarebbe bello\u2026 ora per\u00f2 puoi leggero. \n<strong> Con la speranza che queste \u201cstorie ispirate\u201d possano ispirare anche te.<\/strong><\/p>\n\n\n\n<p class=\"has-very-dark-gray-color has-text-color has-medium-font-size\">E.<\/p>\n\n\n\n<p class=\"translation-block\">Che aspetti? Comincia <a href=\"https:\/\/vidasenprosa.com\/it\/category\/las-historias\/\" target=\"_self\">leggere<\/a>!<\/p>","protected":false},"excerpt":{"rendered":"<p>Hola y bienvenidas\/os. Como ya se habr\u00e1n dado cuenta, \u201cVidas en prosa\u201d es un blog de historias en prosa. En este espacio encontrar\u00e1n historias ficticias inspiradas en personas reales, pero tambi\u00e9n historias reales con pinceladas de fantas\u00eda. Son ustedes los que decidir\u00e1n d\u00f3nde colocar la barrera, distinguir lo falso de lo real. O quiz\u00e1s elijan [&hellip;]<\/p>","protected":false},"author":1,"featured_media":0,"parent":0,"menu_order":0,"comment_status":"open","ping_status":"closed","template":"","meta":{"spay_email":"","footnotes":""},"aioseo_notices":[],"jetpack_sharing_enabled":true,"jetpack_shortlink":"https:\/\/wp.me\/PaMSNS-T","jetpack_likes_enabled":true,"_links":{"self":[{"href":"https:\/\/vidasenprosa.com\/it\/wp-json\/wp\/v2\/pages\/55"}],"collection":[{"href":"https:\/\/vidasenprosa.com\/it\/wp-json\/wp\/v2\/pages"}],"about":[{"href":"https:\/\/vidasenprosa.com\/it\/wp-json\/wp\/v2\/types\/page"}],"author":[{"embeddable":true,"href":"https:\/\/vidasenprosa.com\/it\/wp-json\/wp\/v2\/users\/1"}],"replies":[{"embeddable":true,"href":"https:\/\/vidasenprosa.com\/it\/wp-json\/wp\/v2\/comments?post=55"}],"version-history":[{"count":26,"href":"https:\/\/vidasenprosa.com\/it\/wp-json\/wp\/v2\/pages\/55\/revisions"}],"predecessor-version":[{"id":620,"href":"https:\/\/vidasenprosa.com\/it\/wp-json\/wp\/v2\/pages\/55\/revisions\/620"}],"wp:attachment":[{"href":"https:\/\/vidasenprosa.com\/it\/wp-json\/wp\/v2\/media?parent=55"}],"curies":[{"name":"wp","href":"https:\/\/api.w.org\/{rel}","templated":true}]}}