{"id":20,"date":"2019-03-08T15:43:04","date_gmt":"2019-03-08T15:43:04","guid":{"rendered":"https:\/\/vidasenprosa.com\/?page_id=20"},"modified":"2020-04-21T10:40:22","modified_gmt":"2020-04-21T15:40:22","slug":"detras-del-teclado","status":"publish","type":"page","link":"https:\/\/vidasenprosa.com\/it\/detras-del-teclado\/","title":{"rendered":"Chi scrive"},"content":{"rendered":"<div class=\"wp-block-image\"><figure class=\"alignleft is-resized\"><img fetchpriority=\"high\" decoding=\"async\" src=\"https:\/\/i1.wp.com\/www.vidasenprosa.com\/wp-content\/uploads\/2019\/03\/yo.jpeg?fit=640%2C480\" alt=\"\" class=\"wp-image-94\" width=\"327\" height=\"245\" srcset=\"https:\/\/vidasenprosa.com\/wp-content\/uploads\/2019\/03\/yo.jpeg 3522w, https:\/\/vidasenprosa.com\/wp-content\/uploads\/2019\/03\/yo-300x225.jpeg 300w, https:\/\/vidasenprosa.com\/wp-content\/uploads\/2019\/03\/yo-768x576.jpeg 768w, https:\/\/vidasenprosa.com\/wp-content\/uploads\/2019\/03\/yo-1024x768.jpeg 1024w\" sizes=\"(max-width: 327px) 100vw, 327px\" \/><\/figure><\/div>\n\n\n\n<p class=\"has-text-color has-text-align-left has-very-dark-gray-color\">Abrir este blog y mostrarles lo que antes solo guardaba para m\u00ed y para pocos, muy pocos \u201cprivilegiados\u201d (en realidad solo dos), fue un salto que nunca pens\u00e9 que me atrever\u00eda a dar. Despu\u00e9s de a\u00f1os (\u00a1no se imaginan cu\u00e1ntos!) de procesar esta idea, decid\u00ed compartir estas historias con la esperanza de que viajen a trav\u00e9s de la nube (ok, de los cables\u2026) y lleguen a los destinatarios que m\u00e1s las necesiten. Pens\u00e9 que, al fin y al cabo, estaba siendo ego\u00edsta, que as\u00ed como yo hab\u00eda disfrutado y me hab\u00eda emocionado, conmovido y entusiasmado al conocer ciertas personas y al escribir sus historias, tambi\u00e9n otros podr\u00edan sentir lo mismo al leerlas. No s\u00e9 cu\u00e1n acertada haya sido mi suposici\u00f3n; ustedes ser\u00e1n los que eventualmente confirmar\u00e1n mis ilusiones o quebrar\u00e1n mis sue\u00f1os. <\/p>\n\n\n\n<p class=\"has-text-color has-very-dark-gray-color\">Aunque no se trate de historias personales, compartirlas con ustedes ha requerido un esfuerzo especial de mi parte, por lo que en cada una de ellas tambi\u00e9n les dejo un pedazo de m\u00ed. Creo que conocer a los dem\u00e1s permite (re)conocerse a uno mismo, y siento que as\u00ed en cada personaje estoy yo reflejada. En cada personaje est\u00e1 mi mirada, mi pensamiento, lo que yo siento. Por lo tanto, no me pidan (por ahora) que comparta m\u00e1s detalles sobre mi vida. Aun as\u00ed, pienso que es educado de mi parte presentarme, sin revelar mi identidad. <\/p>\n\n\n\n<p class=\"has-text-color has-very-dark-gray-color\">Para empezar, soy una mujer. He vivido en distintos pa\u00edses y actualmente me encuentro en una capital de Latinoam\u00e9rica. Por cierto, esta ciudad me ha llevado a cada encuentro &nbsp;que van a leer aqu\u00ed y, por tal raz\u00f3n, le ser\u00e9 eternamente agradecida. Soy de humor voluble, firme en mis convicciones y fiel en mis afectos. Amo leer, obviamente escribir, y las puestas de sol. Me gustan la fotograf\u00eda, los gatos y la palabra \u201cnevera\u201d. Pueden llamarme E. <\/p>\n\n\n<!-- Simple Share Buttons Adder (8.5.2) simplesharebuttons.com --><div class=\"ssba-classic-2 ssba ssbp-wrap alignleft ssbp--theme-1\"><div style=\"text-align:left\" class=\"translation-block\"><span class=\"ssba-share-text\">Mi \u00e8 piaciuto! Lo condivido.<\/span><br><a data-site=\"\" class=\"ssba_facebook_share\" href=\"http:\/\/www.facebook.com\/sharer.php?u=https:\/\/vidasenprosa.com\/\" target=\"_blank\"><img src=\"https:\/\/i0.wp.com\/www.vidasenprosa.com\/wp-content\/plugins\/simple-share-buttons-adder\/buttons\/arbenta\/facebook.png?w=640&amp;ssl=1\" style=\"width: 40px\" title=\"Facebook\" class=\"ssba ssba-img\" alt=\"Share on Facebook\" width=\"64\" height=\"64\"><div title=\"Facebook\" class=\"ssbp-text\">Facebook<\/div><\/a><a data-site=\"pinterest\" class=\"ssba_pinterest_share\" href=\"\/it\/void((function()vare=document.createElement('script');e.setAttribute('type','text\/javascript');e.setAttribute('charset','UTF-8');e.setAttribute('src','\/\/assets.pinterest.com\/js\/pinmarklet.js\/?r=' Math.random()*99999999);document.body.appendChild(e))());\" target=\"_self\"><img src=\"https:\/\/i2.wp.com\/www.vidasenprosa.com\/wp-content\/plugins\/simple-share-buttons-adder\/buttons\/arbenta\/pinterest.png?w=640&amp;ssl=1\" style=\"width: 40px\" title=\"Pinterest\" class=\"ssba ssba-img\" alt=\"Pin on Pinterest\" width=\"64\" height=\"64\"><div title=\"Pinterest\" class=\"ssbp-text\">Pinterest<\/div><\/a><a data-site=\"tumblr\" class=\"ssba_tumblr_share\" href=\"http:\/\/www.tumblr.com\/share\/link?url=https:\/\/vidasenprosa.com\/\"><img src=\"https:\/\/i2.wp.com\/www.vidasenprosa.com\/wp-content\/plugins\/simple-share-buttons-adder\/buttons\/arbenta\/tumblr.png?w=640&amp;ssl=1\" style=\"width: 40px\" title=\"tumblr\" class=\"ssba ssba-img\" alt=\"Share on Tumblr\" width=\"64\" height=\"64\"><div title=\"Tumblr\" class=\"ssbp-text\">Tumblr<\/div><\/a><\/div><\/div>","protected":false},"excerpt":{"rendered":"<p>Abrir este blog y mostrarles lo que antes solo guardaba para m\u00ed y para pocos, muy pocos \u201cprivilegiados\u201d (en realidad solo dos), fue un salto que nunca pens\u00e9 que me atrever\u00eda a dar. Despu\u00e9s de a\u00f1os (\u00a1no se imaginan cu\u00e1ntos!) de procesar esta idea, decid\u00ed compartir estas historias con la esperanza de que viajen a [&hellip;]<\/p>","protected":false},"author":1,"featured_media":0,"parent":0,"menu_order":0,"comment_status":"open","ping_status":"closed","template":"","meta":{"spay_email":"","footnotes":""},"aioseo_notices":[],"jetpack_sharing_enabled":true,"jetpack_shortlink":"https:\/\/wp.me\/PaMSNS-k","jetpack_likes_enabled":true,"_links":{"self":[{"href":"https:\/\/vidasenprosa.com\/it\/wp-json\/wp\/v2\/pages\/20"}],"collection":[{"href":"https:\/\/vidasenprosa.com\/it\/wp-json\/wp\/v2\/pages"}],"about":[{"href":"https:\/\/vidasenprosa.com\/it\/wp-json\/wp\/v2\/types\/page"}],"author":[{"embeddable":true,"href":"https:\/\/vidasenprosa.com\/it\/wp-json\/wp\/v2\/users\/1"}],"replies":[{"embeddable":true,"href":"https:\/\/vidasenprosa.com\/it\/wp-json\/wp\/v2\/comments?post=20"}],"version-history":[{"count":13,"href":"https:\/\/vidasenprosa.com\/it\/wp-json\/wp\/v2\/pages\/20\/revisions"}],"predecessor-version":[{"id":474,"href":"https:\/\/vidasenprosa.com\/it\/wp-json\/wp\/v2\/pages\/20\/revisions\/474"}],"wp:attachment":[{"href":"https:\/\/vidasenprosa.com\/it\/wp-json\/wp\/v2\/media?parent=20"}],"curies":[{"name":"wp","href":"https:\/\/api.w.org\/{rel}","templated":true}]}}